{"id":5296,"date":"2026-03-26T15:20:14","date_gmt":"2026-03-26T14:20:14","guid":{"rendered":"https:\/\/naszapolonia.pl\/?page_id=5296"},"modified":"2026-03-26T15:23:03","modified_gmt":"2026-03-26T14:23:03","slug":"razem-dla-polskiej-edukacji","status":"publish","type":"page","link":"https:\/\/naszapolonia.pl\/index.php\/razem-dla-polskiej-edukacji\/","title":{"rendered":"Razem dla polskiej edukacji &#8211; wsparcie organizacji parasolowych"},"content":{"rendered":"\t\t<div data-elementor-type=\"wp-page\" data-elementor-id=\"5296\" class=\"elementor elementor-5296\">\n\t\t\t\t<div class=\"elementor-element elementor-element-24f4148 e-con-full e-flex sc_layouts_column_icons_position_left e-con e-parent\" data-id=\"24f4148\" data-element_type=\"container\">\n\t\t<div data-animation-type=\"sequental\" data-animation-stagger=\"\" class=\"elementor-element elementor-element-11c88b0 animation_type_sequental e-flex e-con-boxed sc_layouts_column_icons_position_left elementor-invisible e-con e-child\" data-id=\"11c88b0\" data-element_type=\"container\" data-settings=\"{&quot;animation&quot;:&quot;ta_fadeinup&quot;,&quot;animation_delay&quot;:100}\">\n\t\t\t\t\t<div class=\"e-con-inner\">\n\t\t<div class=\"elementor-element elementor-element-ac01153 e-con-full e-flex sc_layouts_column_icons_position_left e-con e-child\" data-id=\"ac01153\" data-element_type=\"container\">\n\t\t\t\t<div class=\"elementor-element elementor-element-1d25d1b sc_fly_static elementor-widget elementor-widget-heading\" data-id=\"1d25d1b\" data-element_type=\"widget\" data-widget_type=\"heading.default\">\n\t\t\t\t<div class=\"elementor-widget-container\">\n\t\t\t\t\t<h1 class=\"elementor-heading-title elementor-size-default\">Zurych 2026 \u2013 razem dla j\u0119zyka polskiego<\/h1>\t\t\t\t<\/div>\n\t\t\t\t<\/div>\n\t\t\t\t<\/div>\n\t\t<div class=\"elementor-element elementor-element-07dcc52 e-con-full e-flex sc_layouts_column_icons_position_left e-con e-child\" data-id=\"07dcc52\" data-element_type=\"container\">\n\t\t\t\t<\/div>\n\t\t\t\t\t<\/div>\n\t\t\t\t<\/div>\n\t\t<div class=\"elementor-element elementor-element-d037062 e-flex e-con-boxed sc_layouts_column_icons_position_left e-con e-child\" data-id=\"d037062\" data-element_type=\"container\">\n\t\t\t\t\t<div class=\"e-con-inner\">\n\t\t\t\t<div data-animation-type=\"block\" class=\"elementor-element elementor-element-7a5bd20 elementor-widget-divider--view-line animation_type_block sc_fly_static elementor-invisible elementor-widget elementor-widget-divider\" data-id=\"7a5bd20\" data-element_type=\"widget\" data-settings=\"{&quot;_animation&quot;:&quot;ta_fadeinup&quot;}\" data-widget_type=\"divider.default\">\n\t\t\t\t<div class=\"elementor-widget-container\">\n\t\t\t\t\t\t\t<div class=\"elementor-divider\">\n\t\t\t<span class=\"elementor-divider-separator\">\n\t\t\t\t\t\t<\/span>\n\t\t<\/div>\n\t\t\t\t\t\t<\/div>\n\t\t\t\t<\/div>\n\t\t\t\t\t<\/div>\n\t\t\t\t<\/div>\n\t\t<div data-animation-type=\"sequental\" data-animation-stagger=\"\" class=\"elementor-element elementor-element-80a1f86 animation_type_sequental e-flex e-con-boxed sc_layouts_column_icons_position_left elementor-invisible e-con e-child\" data-id=\"80a1f86\" data-element_type=\"container\" data-settings=\"{&quot;animation&quot;:&quot;ta_fadeinup&quot;,&quot;animation_delay&quot;:100}\">\n\t\t\t\t\t<div class=\"e-con-inner\">\n\t\t<div class=\"elementor-element elementor-element-04bd5ae e-con-full e-flex sc_layouts_column_icons_position_left e-con e-child\" data-id=\"04bd5ae\" data-element_type=\"container\">\n\t\t\t\t<div class=\"elementor-element elementor-element-48944b1 elementor-widget__width-initial sc_fly_static elementor-widget elementor-widget-heading\" data-id=\"48944b1\" data-element_type=\"widget\" data-widget_type=\"heading.default\">\n\t\t\t\t<div class=\"elementor-widget-container\">\n\t\t\t\t\t<h4 class=\"elementor-heading-title elementor-size-default\">Projekt \u201eWsparcie IKE w Szwajcarii oraz Konferencja Edukacyjna Polonii w Zurychu 2026\u201d to inicjatywa Fundacji Siempre Juntos, kt\u00f3ra wzmacnia polsk\u0105 edukacj\u0119 w Szwajcarii i integruje \u015brodowisko polonijne wok\u00f3\u0142 wsp\u00f3lnego celu \u2013 troski o j\u0119zyk polski, kultur\u0119 i to\u017csamo\u015b\u0107 kolejnych pokole\u0144.<\/h4>\t\t\t\t<\/div>\n\t\t\t\t<\/div>\n\t\t\t\t<\/div>\n\t\t\t\t\t<\/div>\n\t\t\t\t<\/div>\n\t\t\t\t<div data-animation-type=\"block\" class=\"elementor-element elementor-element-59a726b animation_type_block sc_fly_static elementor-invisible elementor-widget elementor-widget-image\" data-id=\"59a726b\" data-element_type=\"widget\" data-settings=\"{&quot;_animation&quot;:&quot;ta_fadeinup&quot;,&quot;_animation_delay&quot;:200}\" data-widget_type=\"image.default\">\n\t\t\t\t<div class=\"elementor-widget-container\">\n\t\t\t\t\t\t\t\t\t\t\t\t\t\t\t<img fetchpriority=\"high\" decoding=\"async\" width=\"1927\" height=\"1088\" src=\"https:\/\/naszapolonia.pl\/wp-content\/uploads\/2025\/09\/poloniaflaga.jpg\" class=\"attachment-full size-full wp-image-4885\" alt=\"\" srcset=\"https:\/\/naszapolonia.pl\/wp-content\/uploads\/2025\/09\/poloniaflaga.jpg 1927w, https:\/\/naszapolonia.pl\/wp-content\/uploads\/2025\/09\/poloniaflaga-300x169.jpg 300w, https:\/\/naszapolonia.pl\/wp-content\/uploads\/2025\/09\/poloniaflaga-1024x578.jpg 1024w, https:\/\/naszapolonia.pl\/wp-content\/uploads\/2025\/09\/poloniaflaga-768x434.jpg 768w, https:\/\/naszapolonia.pl\/wp-content\/uploads\/2025\/09\/poloniaflaga-1536x867.jpg 1536w, https:\/\/naszapolonia.pl\/wp-content\/uploads\/2025\/09\/poloniaflaga-370x209.jpg 370w, https:\/\/naszapolonia.pl\/wp-content\/uploads\/2025\/09\/poloniaflaga-410x231.jpg 410w, https:\/\/naszapolonia.pl\/wp-content\/uploads\/2025\/09\/poloniaflaga-924x522.jpg 924w\" sizes=\"(max-width: 1927px) 100vw, 1927px\" \/>\t\t\t\t\t\t\t\t\t\t\t\t\t\t\t<\/div>\n\t\t\t\t<\/div>\n\t\t<div class=\"e-con-gap-no elementor-element elementor-element-7475868 e-con-full e-flex sc_layouts_column_icons_position_left e-con e-child\" data-id=\"7475868\" data-element_type=\"container\">\n\t\t\t\t<\/div>\n\t\t\t\t<\/div>\n\t\t<div class=\"elementor-element elementor-element-f36d229 e-flex e-con-boxed sc_layouts_column_icons_position_left e-con e-parent\" data-id=\"f36d229\" data-element_type=\"container\">\n\t\t\t\t\t<div class=\"e-con-inner\">\n\t\t<div class=\"elementor-element elementor-element-0332353 e-con-full e-flex sc_layouts_column_icons_position_left e-con e-child\" data-id=\"0332353\" data-element_type=\"container\">\n\t\t\t\t<div class=\"elementor-element elementor-element-aa44445 sc_fly_static elementor-widget elementor-widget-text-editor\" data-id=\"aa44445\" data-element_type=\"widget\" data-widget_type=\"text-editor.default\">\n\t\t\t\t<div class=\"elementor-widget-container\">\n\t\t\t\t\t\t\t\t\t<h2>O projekcie<\/h2>\t\t\t\t\t\t\t\t<\/div>\n\t\t\t\t<\/div>\n\t\t\t\t<\/div>\n\t\t<div class=\"elementor-element elementor-element-925b58c e-con-full e-flex sc_layouts_column_icons_position_left e-con e-child\" data-id=\"925b58c\" data-element_type=\"container\">\n\t\t<div class=\"elementor-element elementor-element-8016458 e-con-full e-flex sc_layouts_column_icons_position_left e-con e-child\" data-id=\"8016458\" data-element_type=\"container\">\n\t\t\t\t<div class=\"elementor-element elementor-element-65dc301 sc_fly_static elementor-widget elementor-widget-text-editor\" data-id=\"65dc301\" data-element_type=\"widget\" data-widget_type=\"text-editor.default\">\n\t\t\t\t<div class=\"elementor-widget-container\">\n\t\t\t\t\t\t\t\t\t<p style=\"font-weight: 400;\">Projekt\u00a0<strong>\u201eWsparcie IKE w Szwajcarii oraz Konferencja Edukacyjna Polonii w Zurychu 2026\u201d<\/strong>\u00a0to inicjatywa Fundacji Siempre Juntos, kt\u00f3ra wzmacnia polsk\u0105 edukacj\u0119 w Szwajcarii i integruje \u015brodowisko polonijne wok\u00f3\u0142 wsp\u00f3lnego celu \u2013 troski o j\u0119zyk polski, kultur\u0119 i to\u017csamo\u015b\u0107 kolejnych pokole\u0144.<\/p>\n<p style=\"font-weight: 400;\">Projekt opiera si\u0119 na dw\u00f3ch filarach. Pierwszy to wsparcie dzia\u0142alno\u015bci\u00a0<strong>Polsko-Szwajcarskiego Instytutu Kultury i Edukacji (IKE)<\/strong>\u00a0\u00a0<a href=\"https:\/\/i-k-e.ch\/\" data-saferedirecturl=\"https:\/\/www.google.com\/url?q=https:\/\/i-k-e.ch\/&amp;source=gmail&amp;ust=1774597098252000&amp;usg=AOvVaw3G7wyVW7iC3S24Pl5pcReh\">https:\/\/i-k-e.ch\/<\/a>\u00a0\u00a0\u2013 organizacji, kt\u00f3ra \u0142\u0105czy, koordynuje i wspiera polonijne inicjatywy edukacyjne oraz kulturalne w Szwajcarii. Drugi to\u00a0<strong>Konferencja Edukacyjna Polonii w Zurychu 2026<\/strong>\u00a0\u2013 wyj\u0105tkowe wydarzenie dla nauczycieli, rodzic\u00f3w, uczni\u00f3w i dzia\u0142aczy polonijnych.<\/p>\n<p style=\"font-weight: 400;\">Tematem przewodnim konferencji b\u0119dzie\u00a0<strong>dobrostan j\u0119zykowy<\/strong>\u00a0\u2013 czyli takie podej\u015bcie do nauki, kt\u00f3re buduje w dziecku pewno\u015b\u0107 siebie, motywacj\u0119 i naturaln\u0105 ch\u0119\u0107 m\u00f3wienia po polsku. W programie znajd\u0105 si\u0119 warsztaty, wyk\u0142ady ekspert\u00f3w, spotkania dla rodzic\u00f3w, konkursy dla dzieci i przestrze\u0144 do wymiany do\u015bwiadcze\u0144.<\/p>\n<p style=\"font-weight: 400;\">To projekt, kt\u00f3ry \u0142\u0105czy\u00a0<strong>wiedz\u0119, praktyk\u0119 i wsp\u00f3lnot\u0119<\/strong>. Wzmacnia nauczycieli, wspiera rodziny i pokazuje, \u017ce j\u0119zyk polski za granic\u0105 mo\u017ce by\u0107 \u017cywy, bliski i wa\u017cny.<\/p>\n<p style=\"font-weight: 400;\"><strong>Zurych 2026 to inwestycja w ludzi, relacje i przysz\u0142o\u015b\u0107 polskiej edukacji poza granicami kraju.<\/strong><\/p>\t\t\t\t\t\t\t\t<\/div>\n\t\t\t\t<\/div>\n\t\t\t\t<\/div>\n\t\t\t\t<\/div>\n\t\t\t\t\t<\/div>\n\t\t\t\t<\/div>\n\t\t<div class=\"elementor-element elementor-element-76169f1 e-flex e-con-boxed sc_layouts_column_icons_position_left e-con e-parent\" data-id=\"76169f1\" data-element_type=\"container\">\n\t\t\t\t\t<div class=\"e-con-inner\">\n\t\t<div class=\"elementor-element elementor-element-cc7be2a e-con-full e-flex sc_layouts_column_icons_position_left e-con e-child\" data-id=\"cc7be2a\" data-element_type=\"container\">\n\t\t\t\t<div class=\"elementor-element elementor-element-17781e7 sc_fly_static elementor-widget elementor-widget-image\" data-id=\"17781e7\" data-element_type=\"widget\" data-widget_type=\"image.default\">\n\t\t\t\t<div class=\"elementor-widget-container\">\n\t\t\t\t\t\t\t\t\t\t\t\t\t\t\t<img decoding=\"async\" width=\"791\" height=\"1024\" src=\"https:\/\/naszapolonia.pl\/wp-content\/uploads\/2026\/03\/image003-791x1024.jpg\" class=\"attachment-large size-large wp-image-5298\" alt=\"\" srcset=\"https:\/\/naszapolonia.pl\/wp-content\/uploads\/2026\/03\/image003-791x1024.jpg 791w, https:\/\/naszapolonia.pl\/wp-content\/uploads\/2026\/03\/image003-232x300.jpg 232w, https:\/\/naszapolonia.pl\/wp-content\/uploads\/2026\/03\/image003-768x994.jpg 768w, https:\/\/naszapolonia.pl\/wp-content\/uploads\/2026\/03\/image003-1187x1536.jpg 1187w, https:\/\/naszapolonia.pl\/wp-content\/uploads\/2026\/03\/image003-1583x2048.jpg 1583w, https:\/\/naszapolonia.pl\/wp-content\/uploads\/2026\/03\/image003-370x479.jpg 370w, https:\/\/naszapolonia.pl\/wp-content\/uploads\/2026\/03\/image003-924x1196.jpg 924w, https:\/\/naszapolonia.pl\/wp-content\/uploads\/2026\/03\/image003-410x531.jpg 410w, https:\/\/naszapolonia.pl\/wp-content\/uploads\/2026\/03\/image003.jpg 1700w\" sizes=\"(max-width: 791px) 100vw, 791px\" \/>\t\t\t\t\t\t\t\t\t\t\t\t\t\t\t<\/div>\n\t\t\t\t<\/div>\n\t\t\t\t<\/div>\n\t\t<div class=\"elementor-element elementor-element-9ac82e8 e-con-full e-flex sc_layouts_column_icons_position_left e-con e-child\" data-id=\"9ac82e8\" data-element_type=\"container\">\n\t\t\t\t<div class=\"elementor-element elementor-element-edd43c7 sc_fly_static elementor-widget elementor-widget-image\" data-id=\"edd43c7\" data-element_type=\"widget\" data-widget_type=\"image.default\">\n\t\t\t\t<div class=\"elementor-widget-container\">\n\t\t\t\t\t\t\t\t\t\t\t\t\t\t\t<img decoding=\"async\" width=\"537\" height=\"199\" src=\"https:\/\/naszapolonia.pl\/wp-content\/uploads\/2026\/03\/unnamed-11.png\" class=\"attachment-large size-large wp-image-5274\" alt=\"\" srcset=\"https:\/\/naszapolonia.pl\/wp-content\/uploads\/2026\/03\/unnamed-11.png 537w, https:\/\/naszapolonia.pl\/wp-content\/uploads\/2026\/03\/unnamed-11-300x111.png 300w, https:\/\/naszapolonia.pl\/wp-content\/uploads\/2026\/03\/unnamed-11-370x137.png 370w, https:\/\/naszapolonia.pl\/wp-content\/uploads\/2026\/03\/unnamed-11-410x152.png 410w\" sizes=\"(max-width: 767px) 100vw, 537px\" \/>\t\t\t\t\t\t\t\t\t\t\t\t\t\t\t<\/div>\n\t\t\t\t<\/div>\n\t\t\t\t<\/div>\n\t\t\t\t\t<\/div>\n\t\t\t\t<\/div>\n\t\t\t\t<\/div>\n\t\t","protected":false},"excerpt":{"rendered":"<p>Zurych 2026 \u2013 razem dla j\u0119zyka polskiego Projekt \u201eWsparcie IKE w Szwajcarii oraz&hellip;<\/p>\n","protected":false},"author":1,"featured_media":0,"parent":0,"menu_order":0,"comment_status":"closed","ping_status":"closed","template":"","meta":{"footnotes":""},"class_list":["post-5296","page","type-page","status-publish","hentry"],"_links":{"self":[{"href":"https:\/\/naszapolonia.pl\/index.php\/wp-json\/wp\/v2\/pages\/5296","targetHints":{"allow":["GET"]}}],"collection":[{"href":"https:\/\/naszapolonia.pl\/index.php\/wp-json\/wp\/v2\/pages"}],"about":[{"href":"https:\/\/naszapolonia.pl\/index.php\/wp-json\/wp\/v2\/types\/page"}],"author":[{"embeddable":true,"href":"https:\/\/naszapolonia.pl\/index.php\/wp-json\/wp\/v2\/users\/1"}],"replies":[{"embeddable":true,"href":"https:\/\/naszapolonia.pl\/index.php\/wp-json\/wp\/v2\/comments?post=5296"}],"version-history":[{"count":4,"href":"https:\/\/naszapolonia.pl\/index.php\/wp-json\/wp\/v2\/pages\/5296\/revisions"}],"predecessor-version":[{"id":5301,"href":"https:\/\/naszapolonia.pl\/index.php\/wp-json\/wp\/v2\/pages\/5296\/revisions\/5301"}],"wp:attachment":[{"href":"https:\/\/naszapolonia.pl\/index.php\/wp-json\/wp\/v2\/media?parent=5296"}],"curies":[{"name":"wp","href":"https:\/\/api.w.org\/{rel}","templated":true}]}}